{"id":42,"date":"2019-11-17T22:22:10","date_gmt":"2019-11-17T21:22:10","guid":{"rendered":"http:\/\/lacarotteetlelapin.fr\/?page_id=42"},"modified":"2020-10-28T18:14:01","modified_gmt":"2020-10-28T17:14:01","slug":"elementor-42","status":"publish","type":"page","link":"https:\/\/lacarotteetlelapin.fr\/index.php\/elementor-42\/","title":{"rendered":"A propos"},"content":{"rendered":"\t\t<div data-elementor-type=\"wp-page\" data-elementor-id=\"42\" class=\"elementor elementor-42\" data-elementor-settings=\"[]\">\n\t\t\t\t\t\t<div class=\"elementor-inner\">\n\t\t\t\t\t\t\t<div class=\"elementor-section-wrap\">\n\t\t\t\t\t\t\t<section class=\"elementor-section elementor-top-section elementor-element elementor-element-c9060c3 elementor-section-content-middle elementor-section-boxed elementor-section-height-default elementor-section-height-default\" data-id=\"c9060c3\" data-element_type=\"section\">\n\t\t\t\t\t\t<div class=\"elementor-container elementor-column-gap-no\">\n\t\t\t\t\t\t\t<div class=\"elementor-row\">\n\t\t\t\t\t<div class=\"elementor-column elementor-col-50 elementor-top-column elementor-element elementor-element-5e45220\" data-id=\"5e45220\" data-element_type=\"column\">\n\t\t\t<div class=\"elementor-column-wrap elementor-element-populated\">\n\t\t\t\t\t\t\t<div class=\"elementor-widget-wrap\">\n\t\t\t\t\t\t<section class=\"elementor-section elementor-inner-section elementor-element elementor-element-3f48695 elementor-section-content-middle elementor-section-boxed elementor-section-height-default elementor-section-height-default\" data-id=\"3f48695\" data-element_type=\"section\">\n\t\t\t\t\t\t<div class=\"elementor-container elementor-column-gap-no\">\n\t\t\t\t\t\t\t<div class=\"elementor-row\">\n\t\t\t\t\t<div class=\"elementor-column elementor-col-50 elementor-inner-column elementor-element elementor-element-62ac960\" data-id=\"62ac960\" data-element_type=\"column\">\n\t\t\t<div class=\"elementor-column-wrap elementor-element-populated\">\n\t\t\t\t\t\t\t<div class=\"elementor-widget-wrap\">\n\t\t\t\t\t\t<div class=\"elementor-element elementor-element-d3300d1 elementor-widget elementor-widget-image\" data-id=\"d3300d1\" data-element_type=\"widget\" data-widget_type=\"image.default\">\n\t\t\t\t<div class=\"elementor-widget-container\">\n\t\t\t\t\t<div class=\"elementor-image\">\n\t\t\t\t\t\t\t<figure class=\"wp-caption\">\n\t\t\t\t\t\t\t\t\t\t<img width=\"1440\" height=\"1440\" src=\"https:\/\/lacarotteetlelapin.fr\/wp-content\/uploads\/2019\/11\/annem.png\" class=\"attachment-full size-full\" alt=\"\" loading=\"lazy\" srcset=\"https:\/\/lacarotteetlelapin.fr\/wp-content\/uploads\/2019\/11\/annem.png 1440w, https:\/\/lacarotteetlelapin.fr\/wp-content\/uploads\/2019\/11\/annem-150x150.png 150w, https:\/\/lacarotteetlelapin.fr\/wp-content\/uploads\/2019\/11\/annem-300x300.png 300w, https:\/\/lacarotteetlelapin.fr\/wp-content\/uploads\/2019\/11\/annem-768x768.png 768w, https:\/\/lacarotteetlelapin.fr\/wp-content\/uploads\/2019\/11\/annem-1024x1024.png 1024w\" sizes=\"(max-width: 1440px) 100vw, 1440px\" \/>\t\t\t\t\t\t\t\t\t\t\t<figcaption class=\"widget-image-caption wp-caption-text\">Anne-Marie<\/figcaption>\n\t\t\t\t\t\t\t\t\t\t<\/figure>\n\t\t\t\t\t<\/div>\n\t\t\t\t<\/div>\n\t\t\t\t<\/div>\n\t\t\t\t<div class=\"elementor-element elementor-element-27d98b2 elementor-widget elementor-widget-image\" data-id=\"27d98b2\" data-element_type=\"widget\" data-widget_type=\"image.default\">\n\t\t\t\t<div class=\"elementor-widget-container\">\n\t\t\t\t\t<div class=\"elementor-image\">\n\t\t\t\t\t\t\t<figure class=\"wp-caption\">\n\t\t\t\t\t\t\t\t\t\t<img width=\"1440\" height=\"1440\" src=\"https:\/\/lacarotteetlelapin.fr\/wp-content\/uploads\/2019\/11\/marieh.png\" class=\"attachment-full size-full\" alt=\"\" loading=\"lazy\" srcset=\"https:\/\/lacarotteetlelapin.fr\/wp-content\/uploads\/2019\/11\/marieh.png 1440w, https:\/\/lacarotteetlelapin.fr\/wp-content\/uploads\/2019\/11\/marieh-150x150.png 150w, https:\/\/lacarotteetlelapin.fr\/wp-content\/uploads\/2019\/11\/marieh-300x300.png 300w, https:\/\/lacarotteetlelapin.fr\/wp-content\/uploads\/2019\/11\/marieh-768x768.png 768w, https:\/\/lacarotteetlelapin.fr\/wp-content\/uploads\/2019\/11\/marieh-1024x1024.png 1024w\" sizes=\"(max-width: 1440px) 100vw, 1440px\" \/>\t\t\t\t\t\t\t\t\t\t\t<figcaption class=\"widget-image-caption wp-caption-text\">Marie-H\u00e9l\u00e8ne<\/figcaption>\n\t\t\t\t\t\t\t\t\t\t<\/figure>\n\t\t\t\t\t<\/div>\n\t\t\t\t<\/div>\n\t\t\t\t<\/div>\n\t\t\t\t\t\t<\/div>\n\t\t\t\t\t<\/div>\n\t\t<\/div>\n\t\t\t\t<div class=\"elementor-column elementor-col-50 elementor-inner-column elementor-element elementor-element-d3200a4\" data-id=\"d3200a4\" data-element_type=\"column\">\n\t\t\t<div class=\"elementor-column-wrap elementor-element-populated\">\n\t\t\t\t\t\t\t<div class=\"elementor-widget-wrap\">\n\t\t\t\t\t\t<div class=\"elementor-element elementor-element-c7b10e6 elementor-widget elementor-widget-image\" data-id=\"c7b10e6\" data-element_type=\"widget\" data-widget_type=\"image.default\">\n\t\t\t\t<div class=\"elementor-widget-container\">\n\t\t\t\t\t<div class=\"elementor-image\">\n\t\t\t\t\t\t\t<figure class=\"wp-caption\">\n\t\t\t\t\t\t\t\t\t\t<img width=\"1440\" height=\"1440\" src=\"https:\/\/lacarotteetlelapin.fr\/wp-content\/uploads\/2019\/11\/herve.png\" class=\"attachment-full size-full\" alt=\"\" loading=\"lazy\" srcset=\"https:\/\/lacarotteetlelapin.fr\/wp-content\/uploads\/2019\/11\/herve.png 1440w, https:\/\/lacarotteetlelapin.fr\/wp-content\/uploads\/2019\/11\/herve-150x150.png 150w, https:\/\/lacarotteetlelapin.fr\/wp-content\/uploads\/2019\/11\/herve-300x300.png 300w, https:\/\/lacarotteetlelapin.fr\/wp-content\/uploads\/2019\/11\/herve-768x768.png 768w, https:\/\/lacarotteetlelapin.fr\/wp-content\/uploads\/2019\/11\/herve-1024x1024.png 1024w\" sizes=\"(max-width: 1440px) 100vw, 1440px\" \/>\t\t\t\t\t\t\t\t\t\t\t<figcaption class=\"widget-image-caption wp-caption-text\">Herv\u00e9<\/figcaption>\n\t\t\t\t\t\t\t\t\t\t<\/figure>\n\t\t\t\t\t<\/div>\n\t\t\t\t<\/div>\n\t\t\t\t<\/div>\n\t\t\t\t<div class=\"elementor-element elementor-element-70e3f8c elementor-widget elementor-widget-image\" data-id=\"70e3f8c\" data-element_type=\"widget\" data-widget_type=\"image.default\">\n\t\t\t\t<div class=\"elementor-widget-container\">\n\t\t\t\t\t<div class=\"elementor-image\">\n\t\t\t\t\t\t\t<figure class=\"wp-caption\">\n\t\t\t\t\t\t\t\t\t\t<img width=\"1440\" height=\"1440\" src=\"https:\/\/lacarotteetlelapin.fr\/wp-content\/uploads\/2019\/11\/jeancharles.png\" class=\"attachment-full size-full\" alt=\"\" loading=\"lazy\" srcset=\"https:\/\/lacarotteetlelapin.fr\/wp-content\/uploads\/2019\/11\/jeancharles.png 1440w, https:\/\/lacarotteetlelapin.fr\/wp-content\/uploads\/2019\/11\/jeancharles-150x150.png 150w, https:\/\/lacarotteetlelapin.fr\/wp-content\/uploads\/2019\/11\/jeancharles-300x300.png 300w, https:\/\/lacarotteetlelapin.fr\/wp-content\/uploads\/2019\/11\/jeancharles-768x768.png 768w, https:\/\/lacarotteetlelapin.fr\/wp-content\/uploads\/2019\/11\/jeancharles-1024x1024.png 1024w\" sizes=\"(max-width: 1440px) 100vw, 1440px\" \/>\t\t\t\t\t\t\t\t\t\t\t<figcaption class=\"widget-image-caption wp-caption-text\">Jean-Charles<\/figcaption>\n\t\t\t\t\t\t\t\t\t\t<\/figure>\n\t\t\t\t\t<\/div>\n\t\t\t\t<\/div>\n\t\t\t\t<\/div>\n\t\t\t\t\t\t<\/div>\n\t\t\t\t\t<\/div>\n\t\t<\/div>\n\t\t\t\t\t\t\t\t<\/div>\n\t\t\t\t\t<\/div>\n\t\t<\/section>\n\t\t\t\t\t\t<\/div>\n\t\t\t\t\t<\/div>\n\t\t<\/div>\n\t\t\t\t<div class=\"elementor-column elementor-col-50 elementor-top-column elementor-element elementor-element-3f87971\" data-id=\"3f87971\" data-element_type=\"column\">\n\t\t\t<div class=\"elementor-column-wrap elementor-element-populated\">\n\t\t\t\t\t\t\t<div class=\"elementor-widget-wrap\">\n\t\t\t\t\t\t<div class=\"elementor-element elementor-element-abd6248 elementor-widget elementor-widget-heading\" data-id=\"abd6248\" data-element_type=\"widget\" data-widget_type=\"heading.default\">\n\t\t\t\t<div class=\"elementor-widget-container\">\n\t\t\t<h1 class=\"elementor-heading-title elementor-size-default\">Les co-fondateurs<\/h1>\t\t<\/div>\n\t\t\t\t<\/div>\n\t\t\t\t<div class=\"elementor-element elementor-element-393a6e8 elementor-widget-divider--view-line elementor-widget elementor-widget-divider\" data-id=\"393a6e8\" data-element_type=\"widget\" data-widget_type=\"divider.default\">\n\t\t\t\t<div class=\"elementor-widget-container\">\n\t\t\t\t\t<div class=\"elementor-divider\">\n\t\t\t<span class=\"elementor-divider-separator\">\n\t\t\t\t\t\t<\/span>\n\t\t<\/div>\n\t\t\t\t<\/div>\n\t\t\t\t<\/div>\n\t\t\t\t<div class=\"elementor-element elementor-element-b3f2e04 elementor-widget elementor-widget-text-editor\" data-id=\"b3f2e04\" data-element_type=\"widget\" data-widget_type=\"text-editor.default\">\n\t\t\t\t<div class=\"elementor-widget-container\">\n\t\t\t\t\t<div class=\"elementor-text-editor elementor-clearfix\"><p>La Carotte et le Lapin a germ\u00e9 de l&rsquo;id\u00e9e de quatre co-fondateurs, qui ont tout d&rsquo;abord cr\u00e9\u00e9 l&rsquo;association&nbsp;<b>Saveurs Quotidiennes<\/b>&nbsp;en 2018 pour porter le projet de l&rsquo;\u00e9picerie.&nbsp;<\/p><p>Ce sont eux qui ont permis l&rsquo;<b>aboutissement du projet et l&rsquo;ouverture<\/b>, en octobre 2019, du local de l&rsquo;\u00e9picerie. Ils forment le comit\u00e9 directeur de l&rsquo;association mais La Carotte et le Lapin appartient \u00e0 ses adh\u00e9rents qui ont une v\u00e9ritable voix au sein de l&rsquo;\u00e9picerie.<\/p><\/div>\n\t\t\t\t<\/div>\n\t\t\t\t<\/div>\n\t\t\t\t\t\t<\/div>\n\t\t\t\t\t<\/div>\n\t\t<\/div>\n\t\t\t\t\t\t\t\t<\/div>\n\t\t\t\t\t<\/div>\n\t\t<\/section>\n\t\t\t\t<section class=\"elementor-section elementor-top-section elementor-element elementor-element-2eb4b4ee elementor-section-content-middle elementor-section-boxed elementor-section-height-default elementor-section-height-default\" data-id=\"2eb4b4ee\" data-element_type=\"section\" data-settings=\"{&quot;background_background&quot;:&quot;classic&quot;}\">\n\t\t\t\t\t\t<div class=\"elementor-container elementor-column-gap-no\">\n\t\t\t\t\t\t\t<div class=\"elementor-row\">\n\t\t\t\t\t<div class=\"elementor-column elementor-col-100 elementor-top-column elementor-element elementor-element-7e56a2c0\" data-id=\"7e56a2c0\" data-element_type=\"column\">\n\t\t\t<div class=\"elementor-column-wrap elementor-element-populated\">\n\t\t\t\t\t\t\t<div class=\"elementor-widget-wrap\">\n\t\t\t\t\t\t<section class=\"elementor-section elementor-inner-section elementor-element elementor-element-973711e elementor-section-content-middle elementor-section-boxed elementor-section-height-default elementor-section-height-default\" data-id=\"973711e\" data-element_type=\"section\" data-settings=\"{&quot;background_background&quot;:&quot;classic&quot;,&quot;shape_divider_bottom&quot;:&quot;arrow&quot;,&quot;shape_divider_bottom_negative&quot;:&quot;yes&quot;}\">\n\t\t\t\t\t<div class=\"elementor-shape elementor-shape-bottom\" data-negative=\"true\">\n\t\t\t<svg xmlns=\"http:\/\/www.w3.org\/2000\/svg\" viewBox=\"0 0 700 10\" preserveAspectRatio=\"none\">\n\t<path class=\"elementor-shape-fill\" d=\"M360 0L350 9.9 340 0 0 0 0 10 700 10 700 0\"\/>\n<\/svg>\t\t<\/div>\n\t\t\t\t\t<div class=\"elementor-container elementor-column-gap-default\">\n\t\t\t\t\t\t\t<div class=\"elementor-row\">\n\t\t\t\t\t<div class=\"elementor-column elementor-col-50 elementor-inner-column elementor-element elementor-element-acbbb76\" data-id=\"acbbb76\" data-element_type=\"column\">\n\t\t\t<div class=\"elementor-column-wrap elementor-element-populated\">\n\t\t\t\t\t\t\t<div class=\"elementor-widget-wrap\">\n\t\t\t\t\t\t<div class=\"elementor-element elementor-element-d62c5da elementor-widget elementor-widget-heading\" data-id=\"d62c5da\" data-element_type=\"widget\" data-widget_type=\"heading.default\">\n\t\t\t\t<div class=\"elementor-widget-container\">\n\t\t\t<h1 class=\"elementor-heading-title elementor-size-default\">La Carotte &amp; le Lapin c'est<\/h1>\t\t<\/div>\n\t\t\t\t<\/div>\n\t\t\t\t<div class=\"elementor-element elementor-element-497c5a1 elementor-widget elementor-widget-text-editor\" data-id=\"497c5a1\" data-element_type=\"widget\" data-widget_type=\"text-editor.default\">\n\t\t\t\t<div class=\"elementor-widget-container\">\n\t\t\t\t\t<div class=\"elementor-text-editor elementor-clearfix\"><p><img class=\"size-full wp-image-106 aligncenter\" src=\"http:\/\/lacarotteetlelapin.fr\/wp-content\/uploads\/2019\/11\/carottes.png\" alt=\"\" width=\"30\" srcset=\"https:\/\/lacarotteetlelapin.fr\/wp-content\/uploads\/2019\/11\/carottes.png 209w, https:\/\/lacarotteetlelapin.fr\/wp-content\/uploads\/2019\/11\/carottes-150x150.png 150w\" sizes=\"(max-width: 209px) 100vw, 209px\" \/><b><\/b><b>CONSOMMER AUTREMENT<br><\/b><em><span style=\"font-size: 14px;\">en devenant acteur de sa consommation (consom\u2019acteur), en&nbsp;adaptant ses achats \u00e0 ses besoins et non l\u2019inverse, dans&nbsp;le respect de la saisonnalit\u00e9 des fruits et l\u00e9gumes.<\/span><\/em><\/p>\n<p><img class=\"size-full wp-image-106 aligncenter\" src=\"http:\/\/lacarotteetlelapin.fr\/wp-content\/uploads\/2019\/11\/carottes.png\" alt=\"\" width=\"30\" srcset=\"https:\/\/lacarotteetlelapin.fr\/wp-content\/uploads\/2019\/11\/carottes.png 209w, https:\/\/lacarotteetlelapin.fr\/wp-content\/uploads\/2019\/11\/carottes-150x150.png 150w\" sizes=\"(max-width: 209px) 100vw, 209px\" \/><span style=\"font-size: 1rem;\">Cr\u00e9er&nbsp;<\/span><b style=\"font-size: 1rem;\">DU LIEN SOCIAL<\/b><b><br><\/b><em style=\"font-size: 14px;\">et&nbsp;faire de l&rsquo;\u00e9picerie un&nbsp;lieu de partage,&nbsp;d\u2019\u00e9changes,&nbsp;de convivialit\u00e9 et un \u201crep\u00e8re du&nbsp;bien consommer\u201d dans un quartier&nbsp;en plein essor o\u00f9 ce type d&rsquo;offre alimentaire n&rsquo;existe pas.<\/em><\/p>\n<p><img class=\"size-full wp-image-106 aligncenter\" src=\"http:\/\/lacarotteetlelapin.fr\/wp-content\/uploads\/2019\/11\/carottes.png\" alt=\"\" width=\"30\" srcset=\"https:\/\/lacarotteetlelapin.fr\/wp-content\/uploads\/2019\/11\/carottes.png 209w, https:\/\/lacarotteetlelapin.fr\/wp-content\/uploads\/2019\/11\/carottes-150x150.png 150w\" sizes=\"(max-width: 209px) 100vw, 209px\" \/>Favoriser&nbsp;<strong>LES CIRCUITS COURTS<\/strong>&nbsp;&amp;<strong>&nbsp;<\/strong><strong>LE LOCAL<br><\/strong>&nbsp;<em style=\"font-size: 14px;\">en trouvant<strong>&nbsp;<\/strong>le juste \u00e9quilibre entre les besoins du consommateur et l\u2019offre des producteurs.&nbsp;<\/em><\/p>\n<p><img class=\"size-full wp-image-106 aligncenter\" src=\"http:\/\/lacarotteetlelapin.fr\/wp-content\/uploads\/2019\/11\/carottes.png\" alt=\"\" width=\"30\" srcset=\"https:\/\/lacarotteetlelapin.fr\/wp-content\/uploads\/2019\/11\/carottes.png 209w, https:\/\/lacarotteetlelapin.fr\/wp-content\/uploads\/2019\/11\/carottes-150x150.png 150w\" sizes=\"(max-width: 209px) 100vw, 209px\" \/><strong>&nbsp;<\/strong><strong>RESPECTER LES PRODUCTEURS<br><\/strong><em style=\"font-size: 14px;\">(Prix d\u2019Achats non n\u00e9goci\u00e9s)<\/em><\/p>\n<p><img class=\"size-full wp-image-106 aligncenter\" src=\"http:\/\/lacarotteetlelapin.fr\/wp-content\/uploads\/2019\/11\/carottes.png\" alt=\"\" width=\"30\" srcset=\"https:\/\/lacarotteetlelapin.fr\/wp-content\/uploads\/2019\/11\/carottes.png 209w, https:\/\/lacarotteetlelapin.fr\/wp-content\/uploads\/2019\/11\/carottes-150x150.png 150w\" sizes=\"(max-width: 209px) 100vw, 209px\" \/>Privil\u00e9gier&nbsp;<strong>LE BIO ET L\u2019AGRICULTURE DURABLE<br><\/strong>Lutter contre le gaspillage et tendre vers&nbsp;<strong>LE Z\u00c9RO D\u00c9CHET<br><\/strong>Encourager l\u2019utilisation&nbsp;<strong>DU VRAC<\/strong><\/p><p><strong style=\"font-size: 1rem;\">&nbsp;<\/strong><\/p><\/div>\n\t\t\t\t<\/div>\n\t\t\t\t<\/div>\n\t\t\t\t\t\t<\/div>\n\t\t\t\t\t<\/div>\n\t\t<\/div>\n\t\t\t\t<div class=\"elementor-column elementor-col-50 elementor-inner-column elementor-element elementor-element-d98c25c\" data-id=\"d98c25c\" data-element_type=\"column\">\n\t\t\t<div class=\"elementor-column-wrap elementor-element-populated\">\n\t\t\t\t\t\t\t<div class=\"elementor-widget-wrap\">\n\t\t\t\t\t\t<div class=\"elementor-element elementor-element-42f1846 elementor-widget elementor-widget-image\" data-id=\"42f1846\" data-element_type=\"widget\" data-widget_type=\"image.default\">\n\t\t\t\t<div class=\"elementor-widget-container\">\n\t\t\t\t\t<div class=\"elementor-image\">\n\t\t\t\t\t\t\t\t\t\t<img width=\"447\" height=\"447\" src=\"https:\/\/lacarotteetlelapin.fr\/wp-content\/uploads\/2019\/11\/CarotteLapin-LOGO-Profil.png\" class=\"attachment-large size-large\" alt=\"\" loading=\"lazy\" srcset=\"https:\/\/lacarotteetlelapin.fr\/wp-content\/uploads\/2019\/11\/CarotteLapin-LOGO-Profil.png 447w, https:\/\/lacarotteetlelapin.fr\/wp-content\/uploads\/2019\/11\/CarotteLapin-LOGO-Profil-150x150.png 150w, https:\/\/lacarotteetlelapin.fr\/wp-content\/uploads\/2019\/11\/CarotteLapin-LOGO-Profil-300x300.png 300w\" sizes=\"(max-width: 447px) 100vw, 447px\" \/>\t\t\t\t\t\t\t\t\t\t\t<\/div>\n\t\t\t\t<\/div>\n\t\t\t\t<\/div>\n\t\t\t\t\t\t<\/div>\n\t\t\t\t\t<\/div>\n\t\t<\/div>\n\t\t\t\t\t\t\t\t<\/div>\n\t\t\t\t\t<\/div>\n\t\t<\/section>\n\t\t\t\t\t\t<\/div>\n\t\t\t\t\t<\/div>\n\t\t<\/div>\n\t\t\t\t\t\t\t\t<\/div>\n\t\t\t\t\t<\/div>\n\t\t<\/section>\n\t\t\t\t<section class=\"elementor-section elementor-top-section elementor-element elementor-element-4862184 elementor-section-boxed elementor-section-height-default elementor-section-height-default\" data-id=\"4862184\" data-element_type=\"section\">\n\t\t\t\t\t\t<div class=\"elementor-container elementor-column-gap-default\">\n\t\t\t\t\t\t\t<div class=\"elementor-row\">\n\t\t\t\t\t<div class=\"elementor-column elementor-col-100 elementor-top-column elementor-element elementor-element-c1d6d83\" data-id=\"c1d6d83\" data-element_type=\"column\">\n\t\t\t<div class=\"elementor-column-wrap elementor-element-populated\">\n\t\t\t\t\t\t\t<div class=\"elementor-widget-wrap\">\n\t\t\t\t\t\t<div class=\"elementor-element elementor-element-6e64781 elementor-widget elementor-widget-heading\" data-id=\"6e64781\" data-element_type=\"widget\" data-widget_type=\"heading.default\">\n\t\t\t\t<div class=\"elementor-widget-container\">\n\t\t\t<h1 class=\"elementor-heading-title elementor-size-default\">Pourquoi ce nom ?<\/h1>\t\t<\/div>\n\t\t\t\t<\/div>\n\t\t\t\t<div class=\"elementor-element elementor-element-4176a4a elementor-widget elementor-widget-text-editor\" data-id=\"4176a4a\" data-element_type=\"widget\" data-widget_type=\"text-editor.default\">\n\t\t\t\t<div class=\"elementor-widget-container\">\n\t\t\t\t\t<div class=\"elementor-text-editor elementor-clearfix\"><p><strong>Le choix de ce nom est venu d&rsquo;une blague faite entre nous, et ce nom a tellement plu \u00e0 tout le monde qu&rsquo;on a d\u00e9cid\u00e9 de le garder.<\/strong><br \/><strong><span style=\"font-size: 1rem;\">Une fois choisi le nom de notre future \u00e9picerie , on a trouv\u00e9 que \u00ab\u00a0La carotte et le lapin\u00a0\u00bb\u00a0 sonnait comme une fable de la Fontaine, qui pourrait dire ceci :<\/span><\/strong><\/p><\/div>\n\t\t\t\t<\/div>\n\t\t\t\t<\/div>\n\t\t\t\t<section class=\"elementor-section elementor-inner-section elementor-element elementor-element-18cc065 elementor-section-content-bottom elementor-section-boxed elementor-section-height-default elementor-section-height-default\" data-id=\"18cc065\" data-element_type=\"section\" data-settings=\"{&quot;background_background&quot;:&quot;classic&quot;}\">\n\t\t\t\t\t\t<div class=\"elementor-container elementor-column-gap-default\">\n\t\t\t\t\t\t\t<div class=\"elementor-row\">\n\t\t\t\t\t<div class=\"elementor-column elementor-col-66 elementor-inner-column elementor-element elementor-element-89ae210\" data-id=\"89ae210\" data-element_type=\"column\">\n\t\t\t<div class=\"elementor-column-wrap elementor-element-populated\">\n\t\t\t\t\t\t\t<div class=\"elementor-widget-wrap\">\n\t\t\t\t\t\t<div class=\"elementor-element elementor-element-3e30dda elementor-widget elementor-widget-text-editor\" data-id=\"3e30dda\" data-element_type=\"widget\" data-widget_type=\"text-editor.default\">\n\t\t\t\t<div class=\"elementor-widget-container\">\n\t\t\t\t\t<div class=\"elementor-text-editor elementor-clearfix\"><p><em>Un lapereau tout jeune et qui n&rsquo;avait rien vu fut presque pris au d\u00e9pourvu<\/em><br \/><em>Voici comme il conta l&rsquo;aventure \u00e0 sa m\u00e8re :<\/em><\/p><p><em>\u00ab\u00a0Il y a quelques jours, j&rsquo;allais, le nez au vent, me promener un peu dans le vieux\u00a0 Bacalan.\u00a0<\/em><\/p><p><em>Soudain voil\u00e0 que, juste en face d&rsquo;un immeuble,\u00a0je vis qu&rsquo;avait ouvert un nouveau magasin,<\/em><br \/><em>Dont le nom &#8211; je te jure, maman &#8211; \u00e9tait\u00a0\u00ab\u00a0lapin\u00a0\u00bbJe me frotte les yeux, je secoue mes oreilles,<\/em><br \/><em>Pour \u00eatre s\u00fbr que je n&rsquo;avais pas la berlue !\u00a0Mais non, c&rsquo;\u00e9tait bien \u00e7a le mot que j&rsquo;avais lu !<\/em><br \/><em>Et les propri\u00e9taires ont aussi &#8211; sur la porte \u00e9crit &#8211; en grosses lettres &#8211; le nom de\u00a0\u00ab\u00a0carotte \u00ab\u00a0!<\/em><\/p><p><em>Alors l\u00e0,\u00a0 je me dis, c&rsquo;est un \u00e9trange nom! et ma curiosit\u00e9 fut piqu\u00e9e pour de bon.<\/em><br \/><em>Tu le sais bien maman, que je n&rsquo;ai peur de rien! et donc j&rsquo;ai visit\u00e9 ce nouveau magasin !\u00a0\u00a0 \u00a0 \u00a0 \u00a0 \u00a0 \u00a0 \u00a0 \u00a0 \u00a0 \u00a0 \u00a0 \u00a0 \u00a0 \u00a0 \u00a0 \u00a0 \u00a0 \u00a0 \u00a0 \u00a0 \u00a0 \u00a0 \u00a0 \u00a0 \u00a0\u00a0On peut acheter en vrac, pour arr\u00eater de faire une \u00e9norme poubelle, de notre pauvre terre&#8230;<\/em><br \/><em>On y trouve surtout des produits naturels, produits pr\u00e8s de chez nous, ou pas trop loin d&rsquo;ici.<\/em><br \/><em>On vient y travailler, un peu de temps en temps, quelques heures par mois\u00a0 et, en contrepartie<\/em><br \/><em>Les produits sont moins chers et on est tous contents!<\/em><br \/><em>Si vous avez aim\u00e9 cette petite histoire, vous aussi entrez donc, venez juste pour voir !<\/em><br \/><em>Et si dans les rayons vous voyez un lapin, ne\u00a0 soyez pas surpris,\u00a0<\/em><em style=\"font-size: 1rem;\">ce lieu est fait pour lui tout autant que pour vous!<\/em><\/p><\/div>\n\t\t\t\t<\/div>\n\t\t\t\t<\/div>\n\t\t\t\t\t\t<\/div>\n\t\t\t\t\t<\/div>\n\t\t<\/div>\n\t\t\t\t<div class=\"elementor-column elementor-col-33 elementor-inner-column elementor-element elementor-element-d56e768\" data-id=\"d56e768\" data-element_type=\"column\">\n\t\t\t<div class=\"elementor-column-wrap elementor-element-populated\">\n\t\t\t\t\t\t\t<div class=\"elementor-widget-wrap\">\n\t\t\t\t\t\t<div class=\"elementor-element elementor-element-3a21ce2 elementor-invisible elementor-widget elementor-widget-image\" data-id=\"3a21ce2\" data-element_type=\"widget\" data-settings=\"{&quot;_animation&quot;:&quot;bounce&quot;}\" data-widget_type=\"image.default\">\n\t\t\t\t<div class=\"elementor-widget-container\">\n\t\t\t\t\t<div class=\"elementor-image\">\n\t\t\t\t\t\t\t\t\t\t<img width=\"1667\" height=\"1250\" src=\"https:\/\/lacarotteetlelapin.fr\/wp-content\/uploads\/2019\/11\/lapin-megaphone-e1574180941972.jpg\" class=\"attachment-full size-full\" alt=\"\" loading=\"lazy\" srcset=\"https:\/\/lacarotteetlelapin.fr\/wp-content\/uploads\/2019\/11\/lapin-megaphone-e1574180941972.jpg 1667w, https:\/\/lacarotteetlelapin.fr\/wp-content\/uploads\/2019\/11\/lapin-megaphone-e1574180941972-300x225.jpg 300w, https:\/\/lacarotteetlelapin.fr\/wp-content\/uploads\/2019\/11\/lapin-megaphone-e1574180941972-768x576.jpg 768w, https:\/\/lacarotteetlelapin.fr\/wp-content\/uploads\/2019\/11\/lapin-megaphone-e1574180941972-1024x768.jpg 1024w\" sizes=\"(max-width: 1667px) 100vw, 1667px\" \/>\t\t\t\t\t\t\t\t\t\t\t<\/div>\n\t\t\t\t<\/div>\n\t\t\t\t<\/div>\n\t\t\t\t\t\t<\/div>\n\t\t\t\t\t<\/div>\n\t\t<\/div>\n\t\t\t\t\t\t\t\t<\/div>\n\t\t\t\t\t<\/div>\n\t\t<\/section>\n\t\t\t\t\t\t<\/div>\n\t\t\t\t\t<\/div>\n\t\t<\/div>\n\t\t\t\t\t\t\t\t<\/div>\n\t\t\t\t\t<\/div>\n\t\t<\/section>\n\t\t\t\t\t\t<\/div>\n\t\t\t\t\t\t<\/div>\n\t\t\t\t\t<\/div>\n\t\t","protected":false},"excerpt":{"rendered":"<p>Anne-Marie Marie-H\u00e9l\u00e8ne Herv\u00e9 Jean-Charles Les co-fondateurs La Carotte et le Lapin a germ\u00e9 de l&rsquo;id\u00e9e de quatre co-fondateurs, qui ont<\/p>\n","protected":false},"author":2,"featured_media":0,"parent":0,"menu_order":0,"comment_status":"closed","ping_status":"closed","template":"elementor_header_footer","meta":[],"_links":{"self":[{"href":"https:\/\/lacarotteetlelapin.fr\/index.php\/wp-json\/wp\/v2\/pages\/42"}],"collection":[{"href":"https:\/\/lacarotteetlelapin.fr\/index.php\/wp-json\/wp\/v2\/pages"}],"about":[{"href":"https:\/\/lacarotteetlelapin.fr\/index.php\/wp-json\/wp\/v2\/types\/page"}],"author":[{"embeddable":true,"href":"https:\/\/lacarotteetlelapin.fr\/index.php\/wp-json\/wp\/v2\/users\/2"}],"replies":[{"embeddable":true,"href":"https:\/\/lacarotteetlelapin.fr\/index.php\/wp-json\/wp\/v2\/comments?post=42"}],"version-history":[{"count":10,"href":"https:\/\/lacarotteetlelapin.fr\/index.php\/wp-json\/wp\/v2\/pages\/42\/revisions"}],"predecessor-version":[{"id":296,"href":"https:\/\/lacarotteetlelapin.fr\/index.php\/wp-json\/wp\/v2\/pages\/42\/revisions\/296"}],"wp:attachment":[{"href":"https:\/\/lacarotteetlelapin.fr\/index.php\/wp-json\/wp\/v2\/media?parent=42"}],"curies":[{"name":"wp","href":"https:\/\/api.w.org\/{rel}","templated":true}]}}